{"id":16419,"date":"2023-01-06T10:30:45","date_gmt":"2023-01-06T10:30:45","guid":{"rendered":"https:\/\/www.uhbdecoration.com\/?page_id=16419"},"modified":"2023-01-14T15:40:16","modified_gmt":"2023-01-14T15:40:16","slug":"mentions-legales","status":"publish","type":"page","link":"https:\/\/www.uhbdecoration.com\/en\/mentions-legales\/","title":{"rendered":"Legal notices"},"content":{"rendered":"<div data-elementor-type=\"wp-page\" data-elementor-id=\"16419\" class=\"elementor elementor-16419\" data-elementor-post-type=\"page\">\n\t\t\t\t\t\t<section class=\"elementor-section elementor-top-section elementor-element elementor-element-8034660 elementor-section-boxed elementor-section-height-default elementor-section-height-default elementor-invisible\" data-id=\"8034660\" data-element_type=\"section\" data-settings=\"{&quot;animation&quot;:&quot;fadeInUp&quot;}\">\n\t\t\t\t\t\t<div class=\"elementor-container elementor-column-gap-default\">\n\t\t\t\t\t<div class=\"elementor-column elementor-col-100 elementor-top-column elementor-element elementor-element-40b58a6\" data-id=\"40b58a6\" data-element_type=\"column\">\n\t\t\t<div class=\"elementor-widget-wrap elementor-element-populated\">\n\t\t\t\t\t\t<div class=\"elementor-element elementor-element-76c47b3 elementor-widget elementor-widget-text-editor\" data-id=\"76c47b3\" data-element_type=\"widget\" data-widget_type=\"text-editor.default\">\n\t\t\t\t<div class=\"elementor-widget-container\">\n\t\t\t\t\t\t\t\t\t<h2>Article 1 \u2013 Identification of our company.<\/h2><p>Below are all our contact details:<\/p><ul><li>Company name: UHB DECORATION<\/li><li>Head office address: <strong>7 RTE DE VILLIERS 77780 BOURRON-MARLOTTE<\/strong><\/li><li>Phone number: <strong>01 64 45 54 31<\/strong>.<\/li><li>Email address: <strong><a href=\"mailto:uhbdecoration@orange.fr\">uhbdecoration@orange.fr<\/a><\/strong><\/li><li>Legal form of the company: Simplified joint stock company.<\/li><li>Amount of share capital: <strong>3\u00a0000,00 \u20ac<\/strong><\/li><li>Name of the publication director or co-director and that of the editorial manager if there is one: <strong>MS Sandrine LUBIN<\/strong><\/li><\/ul><p>\u00a0<\/p><h2>Article 2 \u2013 Hosting our site.<\/h2><p>Here are the contact details of our site host:<strong> <a href=\"https:\/\/www.uhbdecoration.com\/en\/\">https:\/\/www.uhbdecoration.com\/<\/a><\/strong><\/p><ul><li>Company name: <strong>Ionos<\/strong><\/li><li>Support address: <strong>contact@ionos.fr<\/strong><\/li><li>Phone number: <a href=\"https:\/\/www.google.com\/search?q=ionos+coordonn%C3%A9es&amp;biw=1920&amp;bih=975&amp;sxsrf=ALiCzsaL4i8SwUuqLLnPwh_2jRBW54adkg%3A1672998292454&amp;ei=lO23Y_6uG--ZkdUP6LS0wAc&amp;ved=0ahUKEwj-yLmn1LL8AhXvTKQEHWgaDXgQ4dUDCA8&amp;uact=5&amp;oq=ionos+coordonn%C3%A9es&amp;gs_lcp=Cgxnd3Mtd2l6LXNlcnAQAzIGCAAQFhAeOgoIABBHENYEELADOggIABCABBDLAToFCAAQgAQ6CAgAEBYQHhAKOgkIABAWEB4Q8QQ6CwgAEBYQHhDxBBAKOgUIABCGA0oECEEYAEoECEYYAFCMEFivGmCQG2gDcAF4AIABS4gB3QWSAQIxMZgBAKABAcgBCMABAQ&amp;sclient=gws-wiz-serp\"><span aria-label=\"Call 09 70 80 89 11\">09 70 80 89 11<\/span><\/a><\/li><li>Siret number: <strong>43130377500016<\/strong><\/li><li>RCS: Sarreguemines B 431 303 775<\/li><li>Webmaster:<strong> Chris SPITZ (Founder of ChooseYourSite.com)<\/strong><\/li><\/ul><p><strong>\u00a0<\/strong><\/p><h2>Article 3 \u2013 Activity of our company.<\/h2><ul><li>Trade and companies register number = Melun B 799 419 197<\/li><li>Individual tax identification number (SIRET)= <strong>79941919700022<\/strong><\/li><li>General Conditions of Sale (GCS)<strong> = <\/strong><strong>https:\/\/www.uhbdecoration.com\/cgv<\/strong><\/li><\/ul><p>\u00a0<\/p><h2>Article 4 \u2013 Information relating to the use of cookies.<\/h2><p>A cookie is a small computer file, most often called a \u201ctracker\u201d.<\/p><p><strong>Purpose of using cookies:<\/strong><\/p><p>Our cookie allows us to analyze the behavior of visitors on our website.<\/p><p>The data collected allows us to know what interests our visitors the most and to be able to make them offers that correlate with their needs.<\/p><p>\u00a0<\/p><p><strong>Consent to the use of cookies\u00a0<\/strong>:<\/p><p>We have placed a small window on our site informing you of our policy on the use of cookies.<\/p><p>Therefore, you must accept the use of these cookies in order to take full advantage of all the features of our site.<\/p><p><strong>Way to refuse<\/strong> <strong>the use of cookies\u00a0<\/strong>:<\/p><p>We have placed a small window on our site informing you of our policy on the use of cookies.<\/p><p>You can refuse the use of these cookies at any time.<\/p><p>Please note, however, that you will not be able to take full advantage of all the features of our website if you refuse.<\/p><p><strong>The validity period of consent\u00a0<\/strong>:<\/p><p>The validity period of the consent given in this context is 13 months maximum.<\/p><p><strong>\u00a0<\/strong><\/p><h2>Article 5 \u2013 Procedure for activating or deactivating Cookies.<\/h2><p><strong>To enable or disable cookies on the Firefox browser.<\/strong><\/p><p>To enable or disable cookies on Firefox, click on the \u201ctools\u201d tab, then on \u201coptions\u201d, then on the \u201cprivacy\u201d tab.<\/p><p>Once you get to this screen, select \u201cuse custom settings\u201d from the list box and then check \u201cAccept or disable cookies\u201d and \u201caccept third-party cookies\u201d<\/p><p><strong>To enable or disable cookies on the Internet Explorer browser.<\/strong><\/p><p>To enable or disable cookies on Internet Explorer, click the \u201cTools\u201d tab, then click \u201cInternet Options.\u201d Click the \u201cPrivacy\u201d tab, then under \u201cSettings,\u201d move the slider down to allow all cookies, then click OK.<\/p><p><strong>Enable or disable cookies on the Google Chrome browser.<\/strong><\/p><p>To enable or disable cookies on Google Chrome, click on the wrench icon on the right side of the browser toolbar, then go to \u201cSettings\u201d, then click on \u201cShow advanced settings\u201d.<\/p><p>In the \u201cPrivacy\u201d section click on the \u201cContent settings\u201d button. Finally, in the \u201cCookies\u201d section you can enable cookies.<\/p><p><strong>To enable or disable cookies on the Safari browser.<\/strong><\/p><p>To enable or disable cookies in the settings menu, click on Safari, you will then see the setting options for Safari.<\/p><p>Go to the \u201cprivacy\u201d section to manage all settings relating to cookies:<\/p><p>*Select \u201calways\u201d: cookies will be allowed *Select \u201cNever\u201d: cookies will be blocked *Select certain sites: cookies linked to the domain name of the site visited will be accepted and others not specified will be automatically refused.<\/p><p>\u00a0<\/p><h2>Article 6 \u2013 Information relating to the use of personal data<\/h2><p>This personal data will be necessary for us to process your Order and issue your invoices, as well as to improve the functionality of the Site.<\/p><p>If you refuse the processing of your data, you will be asked to refrain from using this Website.<\/p><p>The processing of your personal data will be carried out in compliance with the General Data Protection Regulation 2016\/679 of April 27, 2016.<\/p><p><strong>\u00a0<\/strong><\/p><h2>Article 7 \u2013 Mandatory or optional nature of responses and possible consequences for the Internet user of a failure to respond.<\/h2><p>In order to allow you to enjoy optimized navigation on <strong>https:\/\/www.uhbdecoration.com\/<\/strong> and better configuration of the various features and applications of your internet browser, UHB DECORATION may install a cookie on your computer.<\/p><p>Once installed, your cookie will store information relating to your browsing preferences on our Site.<\/p><p>In addition, it will keep certain information for you securely so that you do not have to re-enter it each time you log in,<\/p><p>This information may concern:<\/p><ul><li>Your searches.<\/li><li>Your login.<\/li><li>Your email address.<\/li><li>Your passwords.<\/li><\/ul><p>By accepting cookies, you expressly authorize UHB DECORATION to place a file called a \u201ccookie\u201d on your hard drive.<\/p><p>However, you have the option to block, modify the retention period, or delete this cookie via your browser interface.<\/p><p><strong>Attention :<\/strong> Systematically disabling cookies from your internet browser may prevent you from accessing certain services or features of our Site.<\/p><p>However, this prohibition on access to certain services or functionalities of our Site cannot in any case constitute damage to the member.<\/p><p>In this case, the latter will not be able to claim any compensation.<\/p><p>\u00a0<\/p><h2>Article 8 \u2013 Recipients or categories of recipients of the data.<\/h2><p>As part of our business strategy, we may use third-party companies to carry out certain communications operations.<\/p><p>Therefore, by browsing our Site, you accept that third-party companies may have access to your data in order to optimize the operation of our Site.<\/p><p><strong>Important precision:<\/strong> These third-party companies responsible for data processing will only have access to the data collected in the context of carrying out very specific tasks.<\/p><p>However, UHB DECORATION remains responsible for the processing of your data.<\/p><p>In addition, you may receive information or commercial offers from us or our business partners.<\/p><p>The User may at any time object to receiving these commercial offers by writing to the Company&#039;s address indicated below.<\/p><ul><li>First and Last Name: <strong>MS Sandrine LUBIN<\/strong><\/li><li>Email address: <strong><a href=\"mailto:uhbdecoration@orange.fr\">uhbdecoration@orange.fr<\/a><\/strong><\/li><li>Object : <strong>Request to stop commercial offers. <\/strong><\/li><\/ul><p>Furthermore, Customer information may be transmitted to third parties without their express prior consent in order to achieve the following purposes:<\/p><ul><li>Respect the law.<\/li><li>To protect any person from serious bodily harm or death.<\/li><li>Fight against fraud or attacks against UHB DECORATION or its users.<\/li><li>Protect the Company&#039;s property rights.<\/li><\/ul><p>\u00a0<\/p><h2>Article 9 \u2013 Rights of opposition, questioning, access and rectification.<\/h2><p>In accordance with the Data Protection Act of 6 January 1978, the Client has the right, at any time:<\/p><ul><li>On the right to question.<\/li><li>Right of access.<\/li><li>The right of rectification.<\/li><li>On the right of modification.<\/li><li>And the right to object.<\/li><\/ul><p>These rights apply to all of your personal data.<\/p><p>This right may be exercised under the conditions and according to the methods defined on the website\u00a0<strong>https:\/\/www.uhbdecoration.com\/<\/strong><\/p><p>Here are the contact details of the person in charge of personal data protection issues:<\/p><ul><li>First and last name : <strong>MS Sandrine LUBIN<\/strong><\/li><li>Function : <strong>Data Protection Officer<\/strong>.<\/li><li>E-mail address : <strong><a href=\"mailto:uhbdecoration@orange.fr\">uhbdecoration@orange.fr<\/a><\/strong><\/li><\/ul><p>\u00a0<\/p><h2>Article 10 \u2013 Mention of the right to lodge a complaint with the CNIL.<\/h2><p>However, if you believe that your rights have not been exercised, you can appeal to the CNIL.<\/p><p>The easiest way to contact the CNIL is to send them a complaint online using the form at this address: <a href=\"https:\/\/www.cnil.fr\/fr\/plaintes\">https:\/\/www.cnil.fr\/fr\/plaintes<\/a>.<\/p>\t\t\t\t\t\t\t\t<\/div>\n\t\t\t\t<\/div>\n\t\t\t\t\t<\/div>\n\t\t<\/div>\n\t\t\t\t\t<\/div>\n\t\t<\/section>\n\t\t\t\t<\/div>","protected":false},"excerpt":{"rendered":"<p>Article 1 \u2013 Identification of our company. Below are all our contact details: Company name: UHB DECORATION Head office address: 7 RTE DE VILLIERS 77780 BOURRON-MARLOTTE Telephone number: 01 64 45 54 31. Email address: uhbdecoration@orange.fr Legal form of the company: Simplified joint stock company. Amount of share capital: \u20ac3,000.00 Name of the [\u2026]<\/p>","protected":false},"author":3,"featured_media":0,"parent":0,"menu_order":0,"comment_status":"closed","ping_status":"closed","template":"elementor_header_footer","meta":{"inline_featured_image":false,"footnotes":""},"class_list":["post-16419","page","type-page","status-publish","hentry"],"yoast_head":"<!-- This site is optimized with the Yoast SEO Premium plugin v22.7 (Yoast SEO v25.7) - https:\/\/yoast.com\/wordpress\/plugins\/seo\/ -->\n<title>Mentions l\u00e9gales - UHB Decoration<\/title>\n<meta name=\"robots\" content=\"index, follow, max-snippet:-1, max-image-preview:large, max-video-preview:-1\" \/>\n<link rel=\"canonical\" href=\"https:\/\/www.uhbdecoration.com\/en\/mentions-legales\/\" \/>\n<meta property=\"og:locale\" content=\"en_US\" \/>\n<meta property=\"og:type\" content=\"article\" \/>\n<meta property=\"og:title\" content=\"Mentions l\u00e9gales\" \/>\n<meta property=\"og:description\" content=\"Article 1 &#8211; Identification\u00a0de notre entreprise. Voici ci-dessous toutes nos coordonn\u00e9es: Raison sociale\u00a0: UHB DECORATION Adresse du si\u00e8ge social\u00a0: 7 RTE DE VILLIERS 77780 BOURRON-MARLOTTE Num\u00e9ro de t\u00e9l\u00e9phone\u00a0: 01 64 45 54 31. Adresse de courrier \u00e9lectronique\u00a0: uhbdecoration@orange.fr Forme juridique de la soci\u00e9t\u00e9\u00a0: Soci\u00e9t\u00e9 par actions simplifi\u00e9e. Montant du capital social\u00a0: 3\u00a0000,00 \u20ac Nom du [&hellip;]\" \/>\n<meta property=\"og:url\" content=\"https:\/\/www.uhbdecoration.com\/en\/mentions-legales\/\" \/>\n<meta property=\"og:site_name\" content=\"UHB Decoration\" \/>\n<meta property=\"article:modified_time\" content=\"2023-01-14T15:40:16+00:00\" \/>\n<meta name=\"twitter:card\" content=\"summary_large_image\" \/>\n<meta name=\"twitter:label1\" content=\"Est. reading time\" \/>\n\t<meta name=\"twitter:data1\" content=\"7 minutes\" \/>\n<script type=\"application\/ld+json\" class=\"yoast-schema-graph\">{\"@context\":\"https:\/\/schema.org\",\"@graph\":[{\"@type\":\"WebPage\",\"@id\":\"https:\/\/www.uhbdecoration.com\/mentions-legales\/\",\"url\":\"https:\/\/www.uhbdecoration.com\/mentions-legales\/\",\"name\":\"Mentions l\u00e9gales - UHB Decoration\",\"isPartOf\":{\"@id\":\"https:\/\/www.uhbdecoration.com\/#website\"},\"datePublished\":\"2023-01-06T10:30:45+00:00\",\"dateModified\":\"2023-01-14T15:40:16+00:00\",\"breadcrumb\":{\"@id\":\"https:\/\/www.uhbdecoration.com\/mentions-legales\/#breadcrumb\"},\"inLanguage\":\"en-US\",\"potentialAction\":[{\"@type\":\"ReadAction\",\"target\":[\"https:\/\/www.uhbdecoration.com\/mentions-legales\/\"]}]},{\"@type\":\"BreadcrumbList\",\"@id\":\"https:\/\/www.uhbdecoration.com\/mentions-legales\/#breadcrumb\",\"itemListElement\":[{\"@type\":\"ListItem\",\"position\":1,\"name\":\"Accueil\",\"item\":\"https:\/\/www.uhbdecoration.com\/\"},{\"@type\":\"ListItem\",\"position\":2,\"name\":\"Mentions l\u00e9gales\"}]},{\"@type\":\"WebSite\",\"@id\":\"https:\/\/www.uhbdecoration.com\/#website\",\"url\":\"https:\/\/www.uhbdecoration.com\/\",\"name\":\"UHB DECORATION\",\"description\":\"Une Histoire Belge\",\"publisher\":{\"@id\":\"https:\/\/www.uhbdecoration.com\/#organization\"},\"potentialAction\":[{\"@type\":\"SearchAction\",\"target\":{\"@type\":\"EntryPoint\",\"urlTemplate\":\"https:\/\/www.uhbdecoration.com\/?s={search_term_string}\"},\"query-input\":{\"@type\":\"PropertyValueSpecification\",\"valueRequired\":true,\"valueName\":\"search_term_string\"}}],\"inLanguage\":\"en-US\"},{\"@type\":\"Organization\",\"@id\":\"https:\/\/www.uhbdecoration.com\/#organization\",\"name\":\"UHB DECORATION\",\"url\":\"https:\/\/www.uhbdecoration.com\/\",\"logo\":{\"@type\":\"ImageObject\",\"inLanguage\":\"en-US\",\"@id\":\"https:\/\/www.uhbdecoration.com\/#\/schema\/logo\/image\/\",\"url\":\"https:\/\/www.uhbdecoration.com\/wp-content\/uploads\/2022\/12\/logo-uhb.png\",\"contentUrl\":\"https:\/\/www.uhbdecoration.com\/wp-content\/uploads\/2022\/12\/logo-uhb.png\",\"width\":130,\"height\":130,\"caption\":\"UHB DECORATION\"},\"image\":{\"@id\":\"https:\/\/www.uhbdecoration.com\/#\/schema\/logo\/image\/\"}}]}<\/script>\n<!-- \/ Yoast SEO Premium plugin. -->","yoast_head_json":{"title":"Legal Notice - UHB Decoration","robots":{"index":"index","follow":"follow","max-snippet":"max-snippet:-1","max-image-preview":"max-image-preview:large","max-video-preview":"max-video-preview:-1"},"canonical":"https:\/\/www.uhbdecoration.com\/en\/mentions-legales\/","og_locale":"en_US","og_type":"article","og_title":"Mentions l\u00e9gales","og_description":"Article 1 &#8211; Identification\u00a0de notre entreprise. Voici ci-dessous toutes nos coordonn\u00e9es: Raison sociale\u00a0: UHB DECORATION Adresse du si\u00e8ge social\u00a0: 7 RTE DE VILLIERS 77780 BOURRON-MARLOTTE Num\u00e9ro de t\u00e9l\u00e9phone\u00a0: 01 64 45 54 31. Adresse de courrier \u00e9lectronique\u00a0: uhbdecoration@orange.fr Forme juridique de la soci\u00e9t\u00e9\u00a0: Soci\u00e9t\u00e9 par actions simplifi\u00e9e. Montant du capital social\u00a0: 3\u00a0000,00 \u20ac Nom du [&hellip;]","og_url":"https:\/\/www.uhbdecoration.com\/en\/mentions-legales\/","og_site_name":"UHB Decoration","article_modified_time":"2023-01-14T15:40:16+00:00","twitter_card":"summary_large_image","twitter_misc":{"Est. reading time":"7 minutes"},"schema":{"@context":"https:\/\/schema.org","@graph":[{"@type":"WebPage","@id":"https:\/\/www.uhbdecoration.com\/mentions-legales\/","url":"https:\/\/www.uhbdecoration.com\/mentions-legales\/","name":"Legal Notice - UHB Decoration","isPartOf":{"@id":"https:\/\/www.uhbdecoration.com\/#website"},"datePublished":"2023-01-06T10:30:45+00:00","dateModified":"2023-01-14T15:40:16+00:00","breadcrumb":{"@id":"https:\/\/www.uhbdecoration.com\/mentions-legales\/#breadcrumb"},"inLanguage":"en-US","potentialAction":[{"@type":"ReadAction","target":["https:\/\/www.uhbdecoration.com\/mentions-legales\/"]}]},{"@type":"BreadcrumbList","@id":"https:\/\/www.uhbdecoration.com\/mentions-legales\/#breadcrumb","itemListElement":[{"@type":"ListItem","position":1,"name":"Accueil","item":"https:\/\/www.uhbdecoration.com\/"},{"@type":"ListItem","position":2,"name":"Mentions l\u00e9gales"}]},{"@type":"WebSite","@id":"https:\/\/www.uhbdecoration.com\/#website","url":"https:\/\/www.uhbdecoration.com\/","name":"UHB DECORATION","description":"A Belgian Story","publisher":{"@id":"https:\/\/www.uhbdecoration.com\/#organization"},"potentialAction":[{"@type":"SearchAction","target":{"@type":"EntryPoint","urlTemplate":"https:\/\/www.uhbdecoration.com\/?s={search_term_string}"},"query-input":{"@type":"PropertyValueSpecification","valueRequired":true,"valueName":"search_term_string"}}],"inLanguage":"en-US"},{"@type":"Organization","@id":"https:\/\/www.uhbdecoration.com\/#organization","name":"UHB DECORATION","url":"https:\/\/www.uhbdecoration.com\/","logo":{"@type":"ImageObject","inLanguage":"en-US","@id":"https:\/\/www.uhbdecoration.com\/#\/schema\/logo\/image\/","url":"https:\/\/www.uhbdecoration.com\/wp-content\/uploads\/2022\/12\/logo-uhb.png","contentUrl":"https:\/\/www.uhbdecoration.com\/wp-content\/uploads\/2022\/12\/logo-uhb.png","width":130,"height":130,"caption":"UHB DECORATION"},"image":{"@id":"https:\/\/www.uhbdecoration.com\/#\/schema\/logo\/image\/"}}]}},"_links":{"self":[{"href":"https:\/\/www.uhbdecoration.com\/en\/wp-json\/wp\/v2\/pages\/16419","targetHints":{"allow":["GET"]}}],"collection":[{"href":"https:\/\/www.uhbdecoration.com\/en\/wp-json\/wp\/v2\/pages"}],"about":[{"href":"https:\/\/www.uhbdecoration.com\/en\/wp-json\/wp\/v2\/types\/page"}],"author":[{"embeddable":true,"href":"https:\/\/www.uhbdecoration.com\/en\/wp-json\/wp\/v2\/users\/3"}],"replies":[{"embeddable":true,"href":"https:\/\/www.uhbdecoration.com\/en\/wp-json\/wp\/v2\/comments?post=16419"}],"version-history":[{"count":0,"href":"https:\/\/www.uhbdecoration.com\/en\/wp-json\/wp\/v2\/pages\/16419\/revisions"}],"wp:attachment":[{"href":"https:\/\/www.uhbdecoration.com\/en\/wp-json\/wp\/v2\/media?parent=16419"}],"curies":[{"name":"wp","href":"https:\/\/api.w.org\/{rel}","templated":true}]}}