{"id":16426,"date":"2023-01-06T10:32:43","date_gmt":"2023-01-06T10:32:43","guid":{"rendered":"https:\/\/www.uhbdecoration.com\/?page_id=16426"},"modified":"2023-12-14T12:59:39","modified_gmt":"2023-12-14T12:59:39","slug":"politique-de-confidentialite","status":"publish","type":"page","link":"https:\/\/www.uhbdecoration.com\/en\/politique-de-confidentialite\/","title":{"rendered":"Privacy Policy"},"content":{"rendered":"<div data-elementor-type=\"wp-page\" data-elementor-id=\"16426\" class=\"elementor elementor-16426\" data-elementor-post-type=\"page\">\n\t\t\t\t\t\t<section class=\"elementor-section elementor-top-section elementor-element elementor-element-af4056b elementor-section-boxed elementor-section-height-default elementor-section-height-default elementor-invisible\" data-id=\"af4056b\" data-element_type=\"section\" data-settings=\"{&quot;animation&quot;:&quot;fadeInUp&quot;}\">\n\t\t\t\t\t\t<div class=\"elementor-container elementor-column-gap-default\">\n\t\t\t\t\t<div class=\"elementor-column elementor-col-100 elementor-top-column elementor-element elementor-element-b11f2ef\" data-id=\"b11f2ef\" data-element_type=\"column\">\n\t\t\t<div class=\"elementor-widget-wrap elementor-element-populated\">\n\t\t\t\t\t\t<div class=\"elementor-element elementor-element-9768486 elementor-widget elementor-widget-text-editor\" data-id=\"9768486\" data-element_type=\"widget\" data-widget_type=\"text-editor.default\">\n\t\t\t\t<div class=\"elementor-widget-container\">\n\t\t\t\t\t\t\t\t\t<p><\/p>\n<h2>Article 1 \u2013 Introduction<\/h2>\n<p>Privacy of our website visitors <strong>https:\/\/www.uhbdecoration.com\/ <\/strong>is very important to us, and we are committed to protecting it.<\/p>\n<p>In this <strong>Privacy Policy<\/strong> We will detail what we will do with your personal information.<\/p>\n<p>Additionally, consent to our use of cookies in accordance with this <strong>Privacy Policy<\/strong> when you first visit our website <strong>https:\/\/www.uhbdecoration.com\/ <\/strong>allows us to use cookies every time you visit our site.<\/p>\n<p><strong>&nbsp;<\/strong><\/p>\n<h2>Article 2 \u2013 Collection of your personal information<\/h2>\n<p>The following types of personal information may be collected, stored and used during your visit to our website.<\/p>\n<p><\/p>\n<ul>\n<li><strong>This information may concern:<\/strong><\/li>\n<li>Your computer, including your IP address.<\/li>\n<li>Your geographic location.<\/li>\n<li>Your browser type and version.<\/li>\n<li>Your operating system.<\/li>\n<\/ul>\n<ul>\n<li><strong>When using our website the following information may be collected:<\/strong><\/li>\n<li>The reference source.<\/li>\n<li>The duration of the visit.<\/li>\n<li>Page views.<\/li>\n<li>Website navigation paths.<\/li>\n<\/ul>\n<ul>\n<li><strong>When you register on our website, and depending on what you enter, the following information may be collected:&nbsp;<\/strong><\/li>\n<li>Your email address, which you provide to us when you register on the site<\/li>\n<li>Your name.<\/li>\n<li>Your profile picture.<\/li>\n<li>Your gender.<\/li>\n<li>Your date of birth.<\/li>\n<li>Your relationship status.<\/li>\n<li>Your interests and hobbies.<\/li>\n<li>Your educational background and your professional career.<\/li>\n<li>How often and under what circumstances you use our website.<\/li>\n<\/ul>\n<ul>\n<li><strong>When you make a purchase on our website, and depending on what you enter the following information may be collected:&nbsp;<\/strong><\/li>\n<li>Information relating to purchases you make.<\/li>\n<li>Information relating to the services you use or transactions you carry out on our site which includes your full contact details.<\/li>\n<\/ul>\n<ul>\n<li><strong>When you post on our website with the intention of publishing on the internet the following information may be collected:<\/strong><\/li>\n<li>Your username.<\/li>\n<li>Your profile pictures.<\/li>\n<li>Content of your publications.<\/li>\n<\/ul>\n<p><strong>Attention<\/strong>&nbsp;: Before you disclose personal information about another person to us, you must obtain that person&#039;s consent to the disclosure and processing of that personal information in accordance with this policy.<\/p>\n<p><strong>&nbsp;<\/strong><\/p>\n<h2>Article 3 \u2013 Use of your personal information.<\/h2>\n<p>Personal information provided to us through our website will be used for the purposes described in this <strong>Privacy Policy<\/strong>.<\/p>\n<p>So, we may use your personal information to:<\/p>\n<ul>\n<li>Administer our website and business.<\/li>\n<li>Personalize our commercial offers.<\/li>\n<li>To enable optimized use of the services offered on our website.<\/li>\n<li>Ship your orders to you.<\/li>\n<li>Send you statements, invoices and payment reminders, and collect your payments.<\/li>\n<li>Send you commercial communications.<\/li>\n<li>Send you email notifications that you have requested yourself.<\/li>\n<li>Send you our newsletter by email, if you have requested it (you can inform us at any time if you no longer wish to receive our newsletter).<\/li>\n<li>Send you marketing communications relating to our business or to carefully selected third party businesses which we believe may be of interest to you, by way of publication, or where you have expressly consented, by email or similar technology (you can inform us at any time if you no longer wish to receive marketing communications).<\/li>\n<li>Provide statistical information about our users to third parties (without these third parties being able to identify any individual user from this information).<\/li>\n<li>Process your requests and complaints.<\/li>\n<li>Maintain the security of our website and prevent fraud.<\/li>\n<li>Verify compliance with the general conditions of sale and use which govern the use of our website (including monitoring private messages sent through our website&#039;s private messaging service).<\/li>\n<\/ul>\n<p><strong>Please note the following information is important:<\/strong><\/p>\n<p>If you submit personal information to our website for the purpose of publishing it.<\/p>\n<p>This information will be published and we may use this information in accordance with the permissions you grant us.<\/p>\n<p>Your privacy settings may be used to limit the publication of your information on our website.<\/p>\n<p>Additionally, this same information can be adjusted in your privacy settings on the website.<\/p>\n<p>Finally, without your explicit consent, we will not provide your personal information to third parties for their or other third parties&#039; direct marketing.<\/p>\n<p><strong>&nbsp;<\/strong><\/p>\n<h2>Article 4 \u2013 Disclosure of your personal information.<\/h2>\n<p>We may disclose your personal information to:<\/p>\n<ul>\n<li>Any of our employees.<\/li>\n<li>Any of our leaders.<\/li>\n<li>Insurers.<\/li>\n<li>Professional advisors.<\/li>\n<li>Agents.<\/li>\n<li>Suppliers.<\/li>\n<li>Subcontractors.<\/li>\n<\/ul>\n<p>However, such disclosure may only be made to the extent that it is reasonably necessary for the purposes set out in this <strong>Privacy Policy<\/strong>.<\/p>\n<p>Additionally, we may disclose your personal information to any member of our group of companies (this means our subsidiaries, our ultimate holding company and all its subsidiaries).<\/p>\n<p>However, such disclosure may only be made to the extent that it is reasonably necessary for the purposes set out in this <strong>Privacy Policy<\/strong>.<\/p>\n<p>Finally, we may disclose your personal information to the extent we are required to do so:<\/p>\n<ul>\n<li>To the authorities in connection with any current or future legal proceedings.<\/li>\n<li>To establish, exercise or defend our legal rights (including providing information for other fraud prevention and credit risk reduction purposes).<\/li>\n<li>To the purchaser or prospective purchaser of any business or asset owned by us that we wish or are contemplating selling.<\/li>\n<li>To any person we reasonably believe to be part of a court or other competent authority for disclosure of that personal information if, in our opinion, such court or authority would be likely to require disclosure of that personal information.<\/li>\n<\/ul>\n<p>Except as otherwise provided herein <strong>Privacy Policy<\/strong>, we will not pass on your personal information to third parties.<\/p>\n<p><strong>&nbsp;<\/strong><\/p>\n<h2>Article 5 \u2013 International data transfers.<\/h2>\n<p>The information that we collect may be stored, processed in and transferred between any of the countries in which we operate in order to enable us to use the information in accordance with this <strong>Privacy Policy<\/strong>.<\/p>\n<p><strong>Attention :<\/strong> Personal information that you post on our website or submit for publication may be available, via the internet, around the world.<\/p>\n<p>We cannot prevent the use, good or bad, of this information by third parties.<\/p>\n<p><strong>&nbsp;<\/strong><\/p>\n<h2>Article 6 \u2013 Retention of your personal information.<\/h2>\n<p>We keep your data necessary for order management and invoicing for the entire duration of the commercial relationship and ten (10) years for accounting obligations.<\/p>\n<p>We keep your data necessary for carrying out loyalty actions and prospecting for the entire duration of the commercial relationship and three (3) years from the last purchase.<\/p>\n<p>We keep your payment method data. This data is not kept by the &nbsp;<strong>https:\/\/www.uhbdecoration.com\/.<\/strong><\/p>\n<p>These are collected during the transaction and are immediately deleted upon payment of the purchase.<\/p>\n<p>We keep your data concerning the lists of opposition to receiving prospecting: three (3) years.<\/p>\n<p><\/p>\n<h2>Article 7 \u2013 Security of your personal information.<\/h2>\n<p>In the course of our business, we will take reasonable technical and organizational precautions to prevent the loss, misuse or alteration of your personal information.<\/p>\n<p>All personal information you provide to us is stored on secure servers (password and firewall protected).<\/p>\n<p>All electronic financial transactions made through our website will be protected by encryption technologies (SSL).<\/p>\n<p>You acknowledge that the transmission of information via the internet is inherently insecure, and that we cannot guarantee the security of your data sent over the internet.<\/p>\n<p>You are responsible for keeping the password you use to access our website confidential; we will not ask you for your password (except when you log in to our website).<\/p>\n<p><strong>&nbsp;<\/strong><\/p>\n<h2>Article 8 \u2013 Updating the Privacy Policy.<\/h2>\n<p>These <strong>Privacy Policy<\/strong> may sometimes be updated.<\/p>\n<p>To stay informed of updates, you should check this page regularly to ensure you are aware of any changes.<\/p>\n<p>However, we may notify you of changes made to this <strong>Privacy Policy<\/strong> by email or through our website&#039;s private messaging service.<\/p>\n<p><strong>&nbsp;<\/strong><\/p>\n<h2>Article 9 \u2013 Your rights.<\/h2>\n<p>If you no longer wish to receive advertising from the UHB DECORATION company (exercise of the right to object or withdrawal of consent already given), contact us at the address below.<\/p>\n<ul>\n<li>First and Last Name: <strong>MS Sandrine LUBIN<\/strong><\/li>\n<li>Function<strong>: DPO<\/strong><\/li>\n<li>Email address: <a href=\"mailto:uhbdecoration@orange.fr\"><strong>uhbdecoration@orange.fr<\/strong><\/a><\/li>\n<li>Object : <strong>Request to stop commercial offers. <\/strong><\/li>\n<\/ul>\n<p>You also have a right to portability and a right to limit the processing of your data (Visit the cnil.fr website for more information on your rights).<\/p>\n<p>To exercise these rights or for any questions about the processing of your data in this system, you can contact our DPO.<\/p>\n<p>If you believe, after contacting UHB DECORATION, that your \u201cData Protection\u201d rights have not been respected, you can submit a complaint online to the CNIL.<\/p>\n<p>In practice, you will either expressly agree in advance to our use of your personal information for marketing purposes or we will provide you with an opportunity to opt out of the use of your personal information for marketing purposes.<\/p>\n<p><strong>&nbsp;<\/strong><\/p>\n<h2>Article 10 \u2013 Third party websites.<\/h2>\n<p>Our website <strong>https:\/\/www.uhbdecoration.com\/ <\/strong>contains hyperlinks to third party websites and information about them.<\/p>\n<p>We have no control over these sites, and are not responsible for their privacy policies or practices.<\/p>\n<p><strong>&nbsp;<\/strong><\/p>\n<h2>Article 11 \u2013 Cookies.<\/h2>\n<p>Our website uses cookies.<\/p>\n<p>A cookie is a file containing an identifier sent by a web server to a web browser and stored by the browser on your computer.<\/p>\n<p>The identifier is then sent back to the server each time the browser requests a page from the server.<\/p>\n<p>Cookies may be \u201c <strong>Persistent<\/strong> \u00bb or \u00ab of <strong>Session<\/strong> \u00bb :<\/p>\n<p>A Persistent cookie is stored by your browser and remains valid until its set expiry date, unless deleted by the user before that date.<\/p>\n<p>A session cookie expires at the end of the user session, when the browser is closed.<\/p>\n<p>Cookies do not typically contain any information that personally identifies a user.<\/p>\n<p>This personal information that we store about you may be linked to the information stored in and obtained from cookies.<\/p>\t\t\t\t\t\t\t\t<\/div>\n\t\t\t\t<\/div>\n\t\t\t\t\t<\/div>\n\t\t<\/div>\n\t\t\t\t\t<\/div>\n\t\t<\/section>\n\t\t\t\t<\/div>","protected":false},"excerpt":{"rendered":"<p>Article 1 \u2013 Introduction The privacy of visitors to our website https:\/\/www.uhbdecoration.com\/ is very important to us, and we are committed to protecting it. In this Privacy Policy we will detail what we will do with your personal information. In addition, consent to our use of cookies in accordance with this [\u2026]<\/p>","protected":false},"author":3,"featured_media":0,"parent":0,"menu_order":0,"comment_status":"closed","ping_status":"closed","template":"elementor_header_footer","meta":{"inline_featured_image":false,"footnotes":""},"class_list":["post-16426","page","type-page","status-publish","hentry"],"yoast_head":"<!-- This site is optimized with the Yoast SEO Premium plugin v22.7 (Yoast SEO v25.7) - https:\/\/yoast.com\/wordpress\/plugins\/seo\/ -->\n<title>Politique de confidentialit\u00e9 - UHB Decoration<\/title>\n<meta name=\"robots\" content=\"index, follow, max-snippet:-1, max-image-preview:large, max-video-preview:-1\" \/>\n<link rel=\"canonical\" href=\"https:\/\/www.uhbdecoration.com\/en\/politique-de-confidentialite\/\" \/>\n<meta property=\"og:locale\" content=\"en_US\" \/>\n<meta property=\"og:type\" content=\"article\" \/>\n<meta property=\"og:title\" content=\"Politique de confidentialit\u00e9\" \/>\n<meta property=\"og:description\" content=\"Article 1 &#8211; Introduction La confidentialit\u00e9 des visiteurs de notre site web https:\/\/www.uhbdecoration.com\/ est tr\u00e8s importante \u00e0 nos yeux, et nous nous engageons \u00e0 la prot\u00e9ger. Dans cette Politique de Confidentialit\u00e9 nous allons d\u00e9tailler ce que nous allons faire de vos informations personnelles. De plus, consentir \u00e0 notre utilisation de cookies en accord avec cette [&hellip;]\" \/>\n<meta property=\"og:url\" content=\"https:\/\/www.uhbdecoration.com\/en\/politique-de-confidentialite\/\" \/>\n<meta property=\"og:site_name\" content=\"UHB Decoration\" \/>\n<meta property=\"article:modified_time\" content=\"2023-12-14T12:59:39+00:00\" \/>\n<meta name=\"twitter:card\" content=\"summary_large_image\" \/>\n<meta name=\"twitter:label1\" content=\"Est. reading time\" \/>\n\t<meta name=\"twitter:data1\" content=\"9 minutes\" \/>\n<script type=\"application\/ld+json\" class=\"yoast-schema-graph\">{\"@context\":\"https:\/\/schema.org\",\"@graph\":[{\"@type\":\"WebPage\",\"@id\":\"https:\/\/www.uhbdecoration.com\/politique-de-confidentialite\/\",\"url\":\"https:\/\/www.uhbdecoration.com\/politique-de-confidentialite\/\",\"name\":\"Politique de confidentialit\u00e9 - UHB Decoration\",\"isPartOf\":{\"@id\":\"https:\/\/www.uhbdecoration.com\/#website\"},\"datePublished\":\"2023-01-06T10:32:43+00:00\",\"dateModified\":\"2023-12-14T12:59:39+00:00\",\"breadcrumb\":{\"@id\":\"https:\/\/www.uhbdecoration.com\/politique-de-confidentialite\/#breadcrumb\"},\"inLanguage\":\"en-US\",\"potentialAction\":[{\"@type\":\"ReadAction\",\"target\":[\"https:\/\/www.uhbdecoration.com\/politique-de-confidentialite\/\"]}]},{\"@type\":\"BreadcrumbList\",\"@id\":\"https:\/\/www.uhbdecoration.com\/politique-de-confidentialite\/#breadcrumb\",\"itemListElement\":[{\"@type\":\"ListItem\",\"position\":1,\"name\":\"Accueil\",\"item\":\"https:\/\/www.uhbdecoration.com\/\"},{\"@type\":\"ListItem\",\"position\":2,\"name\":\"Politique de confidentialit\u00e9\"}]},{\"@type\":\"WebSite\",\"@id\":\"https:\/\/www.uhbdecoration.com\/#website\",\"url\":\"https:\/\/www.uhbdecoration.com\/\",\"name\":\"UHB DECORATION\",\"description\":\"Une Histoire Belge\",\"publisher\":{\"@id\":\"https:\/\/www.uhbdecoration.com\/#organization\"},\"potentialAction\":[{\"@type\":\"SearchAction\",\"target\":{\"@type\":\"EntryPoint\",\"urlTemplate\":\"https:\/\/www.uhbdecoration.com\/?s={search_term_string}\"},\"query-input\":{\"@type\":\"PropertyValueSpecification\",\"valueRequired\":true,\"valueName\":\"search_term_string\"}}],\"inLanguage\":\"en-US\"},{\"@type\":\"Organization\",\"@id\":\"https:\/\/www.uhbdecoration.com\/#organization\",\"name\":\"UHB DECORATION\",\"url\":\"https:\/\/www.uhbdecoration.com\/\",\"logo\":{\"@type\":\"ImageObject\",\"inLanguage\":\"en-US\",\"@id\":\"https:\/\/www.uhbdecoration.com\/#\/schema\/logo\/image\/\",\"url\":\"https:\/\/www.uhbdecoration.com\/wp-content\/uploads\/2022\/12\/logo-uhb.png\",\"contentUrl\":\"https:\/\/www.uhbdecoration.com\/wp-content\/uploads\/2022\/12\/logo-uhb.png\",\"width\":130,\"height\":130,\"caption\":\"UHB DECORATION\"},\"image\":{\"@id\":\"https:\/\/www.uhbdecoration.com\/#\/schema\/logo\/image\/\"}}]}<\/script>\n<!-- \/ Yoast SEO Premium plugin. -->","yoast_head_json":{"title":"Privacy Policy - UHB Decoration","robots":{"index":"index","follow":"follow","max-snippet":"max-snippet:-1","max-image-preview":"max-image-preview:large","max-video-preview":"max-video-preview:-1"},"canonical":"https:\/\/www.uhbdecoration.com\/en\/politique-de-confidentialite\/","og_locale":"en_US","og_type":"article","og_title":"Politique de confidentialit\u00e9","og_description":"Article 1 &#8211; Introduction La confidentialit\u00e9 des visiteurs de notre site web https:\/\/www.uhbdecoration.com\/ est tr\u00e8s importante \u00e0 nos yeux, et nous nous engageons \u00e0 la prot\u00e9ger. Dans cette Politique de Confidentialit\u00e9 nous allons d\u00e9tailler ce que nous allons faire de vos informations personnelles. De plus, consentir \u00e0 notre utilisation de cookies en accord avec cette [&hellip;]","og_url":"https:\/\/www.uhbdecoration.com\/en\/politique-de-confidentialite\/","og_site_name":"UHB Decoration","article_modified_time":"2023-12-14T12:59:39+00:00","twitter_card":"summary_large_image","twitter_misc":{"Est. reading time":"9 minutes"},"schema":{"@context":"https:\/\/schema.org","@graph":[{"@type":"WebPage","@id":"https:\/\/www.uhbdecoration.com\/politique-de-confidentialite\/","url":"https:\/\/www.uhbdecoration.com\/politique-de-confidentialite\/","name":"Privacy Policy - UHB Decoration","isPartOf":{"@id":"https:\/\/www.uhbdecoration.com\/#website"},"datePublished":"2023-01-06T10:32:43+00:00","dateModified":"2023-12-14T12:59:39+00:00","breadcrumb":{"@id":"https:\/\/www.uhbdecoration.com\/politique-de-confidentialite\/#breadcrumb"},"inLanguage":"en-US","potentialAction":[{"@type":"ReadAction","target":["https:\/\/www.uhbdecoration.com\/politique-de-confidentialite\/"]}]},{"@type":"BreadcrumbList","@id":"https:\/\/www.uhbdecoration.com\/politique-de-confidentialite\/#breadcrumb","itemListElement":[{"@type":"ListItem","position":1,"name":"Accueil","item":"https:\/\/www.uhbdecoration.com\/"},{"@type":"ListItem","position":2,"name":"Politique de confidentialit\u00e9"}]},{"@type":"WebSite","@id":"https:\/\/www.uhbdecoration.com\/#website","url":"https:\/\/www.uhbdecoration.com\/","name":"UHB DECORATION","description":"A Belgian Story","publisher":{"@id":"https:\/\/www.uhbdecoration.com\/#organization"},"potentialAction":[{"@type":"SearchAction","target":{"@type":"EntryPoint","urlTemplate":"https:\/\/www.uhbdecoration.com\/?s={search_term_string}"},"query-input":{"@type":"PropertyValueSpecification","valueRequired":true,"valueName":"search_term_string"}}],"inLanguage":"en-US"},{"@type":"Organization","@id":"https:\/\/www.uhbdecoration.com\/#organization","name":"UHB DECORATION","url":"https:\/\/www.uhbdecoration.com\/","logo":{"@type":"ImageObject","inLanguage":"en-US","@id":"https:\/\/www.uhbdecoration.com\/#\/schema\/logo\/image\/","url":"https:\/\/www.uhbdecoration.com\/wp-content\/uploads\/2022\/12\/logo-uhb.png","contentUrl":"https:\/\/www.uhbdecoration.com\/wp-content\/uploads\/2022\/12\/logo-uhb.png","width":130,"height":130,"caption":"UHB DECORATION"},"image":{"@id":"https:\/\/www.uhbdecoration.com\/#\/schema\/logo\/image\/"}}]}},"_links":{"self":[{"href":"https:\/\/www.uhbdecoration.com\/en\/wp-json\/wp\/v2\/pages\/16426","targetHints":{"allow":["GET"]}}],"collection":[{"href":"https:\/\/www.uhbdecoration.com\/en\/wp-json\/wp\/v2\/pages"}],"about":[{"href":"https:\/\/www.uhbdecoration.com\/en\/wp-json\/wp\/v2\/types\/page"}],"author":[{"embeddable":true,"href":"https:\/\/www.uhbdecoration.com\/en\/wp-json\/wp\/v2\/users\/3"}],"replies":[{"embeddable":true,"href":"https:\/\/www.uhbdecoration.com\/en\/wp-json\/wp\/v2\/comments?post=16426"}],"version-history":[{"count":0,"href":"https:\/\/www.uhbdecoration.com\/en\/wp-json\/wp\/v2\/pages\/16426\/revisions"}],"wp:attachment":[{"href":"https:\/\/www.uhbdecoration.com\/en\/wp-json\/wp\/v2\/media?parent=16426"}],"curies":[{"name":"wp","href":"https:\/\/api.w.org\/{rel}","templated":true}]}}